{"id":734,"date":"2025-04-03T20:14:22","date_gmt":"2025-04-03T20:14:22","guid":{"rendered":"https:\/\/www.koivuniemenmarjatila.fi\/?page_id=734"},"modified":"2026-04-13T17:41:54","modified_gmt":"2026-04-13T17:41:54","slug":"itsepoiminta","status":"publish","type":"page","link":"https:\/\/www.koivuniemenmarjatila.fi\/index.php\/itsepoiminta\/","title":{"rendered":"Itsepoiminta"},"content":{"rendered":"\n<div class=\"wp-block-group alignwide has-custom-color-2-color has-custom-color-1-background-color has-text-color has-background has-link-color wp-elements-edbd8fa8b42d6a17cc977011d88af4ea is-vertical is-content-justification-stretch is-layout-flex wp-container-core-group-is-layout-1d6e7c1a wp-block-group-is-layout-flex\" style=\"margin-top:var(--wp--preset--spacing--30);margin-bottom:var(--wp--preset--spacing--30);padding-top:30px;padding-right:30px;padding-bottom:30px;padding-left:30px\">\n<div style=\"height:0px\" aria-hidden=\"true\" class=\"wp-block-spacer wp-container-content-728072c3\"><\/div>\n\n\n\n<h2 class=\"wp-block-heading has-text-align-left has-custom-color-3-color has-text-color has-link-color has-x-large-font-size wp-elements-323436bbe0aca09d6c2eed013db76d54\" style=\"border-style:none;border-width:0px;border-radius:0px;margin-top:var(--wp--preset--spacing--40);margin-right:0;margin-bottom:var(--wp--preset--spacing--40);margin-left:0;padding-right:0;padding-left:0;line-height:1.7;text-transform:none\">Retkeilyp\u00e4iv\u00e4 maatilalla marjoja poimien, varaa paikkasi<\/h2>\n\n\n\n<p class=\"has-custom-color-2-color has-text-color has-link-color has-small-font-size wp-elements-71bb4d691d30d58fef8a2acc386b418d\" style=\"margin-top:var(--wp--preset--spacing--40);margin-bottom:var(--wp--preset--spacing--40)\">Varauskalenterin avulla haluamme varmistaa marjojen riitt\u00e4vyyden poimijoille. Vapaana olevat poiminta-ajat p\u00e4ivit\u00e4mme satokaudella sadon m\u00e4\u00e4r\u00e4n ja s\u00e4\u00e4n mukaan. <\/p>\n\n\n\n<p>Tiedotamme itsepoimintap\u00e4ivist\u00e4 etuk\u00e4teen Facebookissa ja Instagramissa. <\/p>\n\n\n\n<p class=\"has-custom-color-2-color has-text-color has-link-color has-small-font-size wp-elements-989c5a4760c0eb2e37a8fbb83b188d24\" style=\"margin-top:var(--wp--preset--spacing--40);margin-bottom:var(--wp--preset--spacing--40)\">Ajanvaraus tapahtuu <strong><a href=\"https:\/\/vello.fi\/koivuniemen-marjatila\/koivuniemen-marjatila\">vello.fi\/koivuniemen-marjatila<\/a> <\/strong>alustalla, jolla varauksen tekeminen on helppoa. Jos varaus ei onnistu vello ajanvarauskalenterin kautta, voi varauksen tehd\u00e4 my\u00f6s s\u00e4hk\u00f6postitse, whatsappilla tai puhelimitse. Me voimme tehd\u00e4 varauksen kalenteriin puolestasi. <\/p>\n\n\n\n<p style=\"margin-top:var(--wp--preset--spacing--40);margin-bottom:var(--wp--preset--spacing--40)\"><strong>Esteen sattuessa teeth\u00e4n peruutuksen viimeist\u00e4\u00e4n poimintap\u00e4iv\u00e4\u00e4 edelt\u00e4v\u00e4n\u00e4 iltana. N\u00e4in saamme mahdolliselle jonossa olevalle vapautettua ajan. <\/strong><\/p>\n\n\n\n<p style=\"margin-top:var(--wp--preset--spacing--40);margin-bottom:var(--wp--preset--spacing--40)\">Jos itsepoimitap\u00e4iv\u00e4n joudumme perumaan esimerkiksi kovan myrskyennusteen vuoksi, ilmoitamme siit\u00e4 hyviss\u00e4 ajoin, viimeist\u00e4\u00e4n poimintaa edelt\u00e4v\u00e4n\u00e4 iltana s\u00e4hk\u00f6postitse. <\/p>\n\n\n\n<p><\/p>\n\n\n\n<p class=\"has-custom-color-2-color has-text-color has-link-color has-small-font-size wp-elements-f1bf19cb874972ed301a48de906913e7\" style=\"margin-top:var(--wp--preset--spacing--40);margin-bottom:var(--wp--preset--spacing--40)\"><strong>Vadelman itsepoimintahinta on 9\u20ac\/kg, kaikkien herukoiden 4\u20ac\/kg ja mansikan 5\u20ac\/kg.<\/strong><\/p>\n\n\n\n<p class=\"has-custom-color-2-color has-text-color has-link-color has-small-font-size wp-elements-bd812beb0761dbcb4612a9b4a06a5d55\" style=\"margin-top:var(--wp--preset--spacing--40);margin-bottom:var(--wp--preset--spacing--40)\">Maksuv\u00e4lineen\u00e4 myyntipisteell\u00e4 k\u00e4yv\u00e4t korttimaksu, k\u00e4teinen ja mobilepay.<\/p>\n\n\n\n<p class=\"has-custom-color-2-color has-text-color has-link-color wp-elements-77cb9496e07a16c446ab408fe665a23e\" style=\"margin-top:var(--wp--preset--spacing--40);margin-bottom:var(--wp--preset--spacing--40)\">Tilan el\u00e4imi\u00e4 saa k\u00e4yd\u00e4 katselemassa vapaasti. Katselet ja rapsuttelethan el\u00e4imi\u00e4 niiden aidan ulkopuolelta. Hevosia ei saa ruokkia, koska osa niist\u00e4 on muiden omistamia t\u00e4ysihoitossa olevia hevosia. <\/p>\n\n\n\n<p class=\"has-custom-color-2-color has-text-color has-link-color wp-elements-17a609b84ebed61dea961ab1bfc39704\" style=\"margin-top:var(--wp--preset--spacing--40);margin-bottom:var(--wp--preset--spacing--40)\">Poiminnan lomassa voit pulahtaa veteen tilan omalla rannalla. Ranta, rantasaunan pukuhuone ja tulipaikka ovat asiakkaiden k\u00e4ytett\u00e4viss\u00e4. Polttopuut l\u00f6ytyv\u00e4t tulipaikan l\u00e4heidyydest\u00e4. <strong>Ranta ei ole valvottu ja uiminen tapahtuu omalla vastuulla.<\/strong><\/p>\n\n\n\n<p><\/p>\n\n\n\n<p class=\"has-custom-color-2-color has-text-color has-link-color wp-elements-c50729694dae1ef4380e1293521f0988\" style=\"margin-top:var(--wp--preset--spacing--40);margin-bottom:var(--wp--preset--spacing--40)\">Myyntipisteelt\u00e4 voi ostaa virvokkeita. Myyntipisteen l\u00e4heisyydess\u00e4 on alue taukoja varten. Omien ev\u00e4iden sy\u00f6minen on sallittua. <\/p>\n<\/div>\n\n\n\n<div class=\"wp-block-group alignwide has-custom-color-2-color has-custom-color-1-background-color has-text-color has-background has-link-color wp-elements-fc30d18967158e51bfae2ee75561ae09 is-vertical is-content-justification-stretch is-layout-flex wp-container-core-group-is-layout-3c0ef048 wp-block-group-is-layout-flex\" style=\"margin-top:var(--wp--preset--spacing--40);margin-bottom:var(--wp--preset--spacing--40);padding-top:30px;padding-right:30px;padding-bottom:30px;padding-left:30px\">\n<h1 class=\"wp-block-heading has-custom-color-3-color has-text-color has-link-color wp-elements-89ff3bf8204f8a5f363648f6608e6cb7\">Itsepoiminta ohjeet:<\/h1>\n\n\n\n<p><\/p>\n\n\n\n<p class=\"has-custom-color-2-color has-text-color has-link-color wp-elements-5d5d2885c3c5069124c2d59bb1540da5\" style=\"margin-top:var(--wp--preset--spacing--40);margin-bottom:var(--wp--preset--spacing--40)\">Tilan osoite on Hankam\u00e4entie 785, 73500 Juankoski<\/p>\n\n\n\n<p class=\"has-custom-color-2-color has-text-color has-link-color wp-elements-656c651700f9707042985ce98b9da827\" style=\"margin-top:var(--wp--preset--spacing--40);margin-bottom:var(--wp--preset--spacing--40)\">Varaa aikasi varauskalenterin avulla, viestitse tai puhelimitse. Paikkoja on rajoitetusti, vapaiden paikkojen m\u00e4\u00e4r\u00e4n voi n\u00e4hd\u00e4 varauskalenterista. Jos kalenterissa ei ole aikoja vapaana, marjaa ei silloin ole saatavilla.<\/p>\n\n\n\n<p><\/p>\n\n\n\n<p class=\"has-custom-color-2-color has-text-color has-link-color wp-elements-ceb4cc2851cf68d7988477d1fe349abf\" style=\"margin-top:var(--wp--preset--spacing--40);margin-bottom:var(--wp--preset--spacing--40)\"><strong>Esteen sattuessa peruuta aikasi viimeist\u00e4\u00e4n poimintaa edelt\u00e4v\u00e4n\u00e4 iltana vellossa, s\u00e4hk\u00f6postilla, puhelimitse, whatsappilla tai tekstiviestill\u00e4. <\/strong><\/p>\n\n\n\n<p class=\"has-custom-color-2-color has-text-color has-link-color wp-elements-84f4cc84750d95949b11bb6b38f8be08\" style=\"margin-top:var(--wp--preset--spacing--40);margin-bottom:var(--wp--preset--spacing--40)\">Pukeudu s\u00e4\u00e4n mukaan, varaudu olosuhteiden muutokseen. <\/p>\n\n\n\n<p class=\"has-custom-color-2-color has-text-color has-link-color wp-elements-2d7defc3ddae5b80d2696240d3fc32e3\" style=\"margin-top:var(--wp--preset--spacing--40);margin-bottom:var(--wp--preset--spacing--40)\">Auton voi pys\u00e4k\u00f6id\u00e4 P merkityille paikoille, tallirakennuksen eteen tai ratsastuskent\u00e4lle. <\/p>\n\n\n\n<p class=\"has-custom-color-2-color has-text-color has-link-color wp-elements-1836694610a11202626408db1662f50a\" style=\"margin-top:var(--wp--preset--spacing--40);margin-bottom:var(--wp--preset--spacing--40)\">Ilmottaudu tilan keltaisen p\u00e4\u00e4rakennuksen p\u00e4\u00e4dyss\u00e4 olevalla myynti\/pakkaamopisteell\u00e4. <\/p>\n\n\n\n<p class=\"has-custom-color-2-color has-text-color has-link-color wp-elements-758d073aa066e46f836b28a3c0b25753\" style=\"margin-top:var(--wp--preset--spacing--40);margin-bottom:var(--wp--preset--spacing--40)\">Poimintaa varten tilalta saa laatikoita ja marjarasioita. Voit yht\u00e4 hyvin k\u00e4ytt\u00e4\u00e4 my\u00f6s omia astioita. Omat astiat punnitaan ennen pellolle menoa. Suosittelemme poimimaan vadelman joko tilan rasioihin tai omiin pakasterasioihin laadun s\u00e4ilymiseksi.<\/p>\n\n\n\n<p class=\"has-custom-color-2-color has-text-color has-link-color wp-elements-5917da2d91804b4bc14c6eedc3d83b93\" style=\"margin-top:var(--wp--preset--spacing--40);margin-bottom:var(--wp--preset--spacing--40)\">Astioiden punnituksen j\u00e4lkeen opastamme oikealle poimintapaikalle. Saat mukaasi merkin, joka j\u00e4tet\u00e4\u00e4n poiminnan lopetus kohtaan. <\/p>\n\n\n\n<p class=\"has-custom-color-2-color has-text-color has-link-color wp-elements-ea0889d916c9f2617d22291e358af8a0\" style=\"margin-top:var(--wp--preset--spacing--40);margin-bottom:var(--wp--preset--spacing--40)\"><strong>Kaikki kyps\u00e4t marjat poimitaan, huonot heitet\u00e4\u00e4n samalla riviv\u00e4liin. <\/strong> <\/p>\n\n\n\n<p class=\"has-custom-color-2-color has-text-color has-link-color wp-elements-1b6510593778d6a8386e12ae6fae0b8e\" style=\"margin-top:var(--wp--preset--spacing--40);margin-bottom:var(--wp--preset--spacing--40)\">Poiminnan j\u00e4lkeen marjat punnitaan myyntipisteell\u00e4. Maksuv\u00e4lineen\u00e4 toimivat kortti, k\u00e4teinen ja mobilepay. <\/p>\n\n\n\n<p><\/p>\n\n\n\n<p><\/p>\n\n\n\n<h2 class=\"wp-block-heading has-custom-color-2-color has-text-color has-link-color has-heading-font-family has-medium-font-size wp-elements-122bfaf9e3e900f678bfef5695d2bc40\">Tervetuloa!<\/h2>\n\n\n\n<div style=\"height:0px\" aria-hidden=\"true\" class=\"wp-block-spacer wp-container-content-1cacd481\"><\/div>\n\n\n\n<div style=\"height:0px\" aria-hidden=\"true\" class=\"wp-block-spacer wp-container-content-42c95ffb\"><\/div>\n\n\n\n<div class=\"wp-block-buttons is-layout-flex wp-block-buttons-is-layout-flex\">\n<div class=\"wp-block-button\"><a class=\"wp-block-button__link wp-element-button\" href=\"https:\/\/vello.fi\/koivuniemen-marjatila\/koivuniemen-marjatila\">Varauskalenteri<\/a><\/div>\n<\/div>\n<\/div>\n","protected":false},"excerpt":{"rendered":"<p>Retkeilyp\u00e4iv\u00e4 maatilalla marjoja poimien, varaa paikkasi Varauskalenterin avulla haluamme varmistaa marjojen riitt\u00e4vyyden poimijoille. Vapaana olevat poiminta-ajat p\u00e4ivit\u00e4mme satokaudella sadon m\u00e4\u00e4r\u00e4n ja s\u00e4\u00e4n mukaan. Tiedotamme itsepoimintap\u00e4ivist\u00e4 etuk\u00e4teen Facebookissa ja Instagramissa. Ajanvaraus tapahtuu vello.fi\/koivuniemen-marjatila alustalla, jolla varauksen tekeminen on helppoa. Jos varaus ei onnistu vello ajanvarauskalenterin kautta, voi varauksen tehd\u00e4 my\u00f6s s\u00e4hk\u00f6postitse, whatsappilla tai puhelimitse. Me voimme [&hellip;]<\/p>\n","protected":false},"author":1,"featured_media":0,"parent":0,"menu_order":0,"comment_status":"closed","ping_status":"closed","template":"","meta":{"footnotes":""},"class_list":["post-734","page","type-page","status-publish","hentry"],"_links":{"self":[{"href":"https:\/\/www.koivuniemenmarjatila.fi\/index.php\/wp-json\/wp\/v2\/pages\/734","targetHints":{"allow":["GET"]}}],"collection":[{"href":"https:\/\/www.koivuniemenmarjatila.fi\/index.php\/wp-json\/wp\/v2\/pages"}],"about":[{"href":"https:\/\/www.koivuniemenmarjatila.fi\/index.php\/wp-json\/wp\/v2\/types\/page"}],"author":[{"embeddable":true,"href":"https:\/\/www.koivuniemenmarjatila.fi\/index.php\/wp-json\/wp\/v2\/users\/1"}],"replies":[{"embeddable":true,"href":"https:\/\/www.koivuniemenmarjatila.fi\/index.php\/wp-json\/wp\/v2\/comments?post=734"}],"version-history":[{"count":39,"href":"https:\/\/www.koivuniemenmarjatila.fi\/index.php\/wp-json\/wp\/v2\/pages\/734\/revisions"}],"predecessor-version":[{"id":1021,"href":"https:\/\/www.koivuniemenmarjatila.fi\/index.php\/wp-json\/wp\/v2\/pages\/734\/revisions\/1021"}],"wp:attachment":[{"href":"https:\/\/www.koivuniemenmarjatila.fi\/index.php\/wp-json\/wp\/v2\/media?parent=734"}],"curies":[{"name":"wp","href":"https:\/\/api.w.org\/{rel}","templated":true}]}}