{"id":260,"date":"2025-01-20T21:00:12","date_gmt":"2025-01-20T21:00:12","guid":{"rendered":"https:\/\/www.koivuniemenmarjatila.fi\/?page_id=260"},"modified":"2025-06-08T20:39:44","modified_gmt":"2025-06-08T20:39:44","slug":"tilauslomake","status":"publish","type":"page","link":"https:\/\/www.koivuniemenmarjatila.fi\/index.php\/tilauslomake\/","title":{"rendered":"Tilauslomake"},"content":{"rendered":"\n<div class=\"wp-block-group has-custom-color-2-color has-custom-color-1-background-color has-text-color has-background has-link-color wp-elements-9c2d32e5675f4c92da9ed564f63f3e55 is-vertical is-layout-flex wp-container-core-group-is-layout-ae01c6c3 wp-block-group-is-layout-flex\" style=\"margin-top:var(--wp--preset--spacing--40);margin-bottom:var(--wp--preset--spacing--40);padding-top:20px;padding-right:20px;padding-bottom:20px;padding-left:20px\">\n<div style=\"height:0px\" aria-hidden=\"true\" class=\"wp-block-spacer wp-container-content-728072c3\"><\/div>\n\n\n\n<h2 class=\"wp-block-heading has-text-align-left has-custom-color-3-color has-text-color has-link-color has-x-large-font-size wp-elements-90fc43e366738916933eea0ebbb1f43c\">Hyv\u00e4 asiakas<\/h2>\n\n\n\n<p>Toivomme ensisijaisesti tuoremarja tilauksen tekemist\u00e4 t\u00e4ll\u00e4 lomakkeella kiitos. Tilauksen voi tehd\u00e4 lis\u00e4ksi s\u00e4hk\u00f6postilla, whatsapilla ja soittamalla.<\/p>\n\n\n\n<p>K\u00e4sittelemme tilaukset saapumisj\u00e4rjestyksess\u00e4. Jos haluat varmistaa marjojen saatavuuden, voit tehd\u00e4 tilauksen jo ennen satokautta. Erityisesti hunajamarjan osalta kannattaa olla hyviss\u00e4 ajoin liikkeell\u00e4.<\/p>\n\n\n\n<p>Olemme yhteydess\u00e4 kun on aika ker\u00e4t\u00e4 sinun tilauksesi. Samassa yhteydess\u00e4 sovimme nouto\/toimitusp\u00e4iv\u00e4n. <\/p>\n\n\n\n<p><strong><a href=\"https:\/\/www.koivuniemenmarjatila.fi\/index.php\/hinnasto\/\" data-type=\"page\" data-id=\"301\">Hinnastosta<\/a><\/strong> l\u00f6yd\u00e4t kaikki tilattavat tuotteemme ja niiden hinnat. T\u00e4yt\u00e4 punaisella t\u00e4hdell\u00e4 merkatut laatikot ja l\u00e4het\u00e4. L\u00e4hetyksen j\u00e4lkeen saat tilausvahvistuksen ilmoittamaasi s\u00e4hk\u00f6postiin. <\/p>\n<\/div>\n\n\n<noscript class=\"ninja-forms-noscript-message\">\n\tHuomautus: JavaScript vaaditaan t\u00e4t\u00e4 sis\u00e4lt\u00f6\u00e4 varten.<\/noscript>\n<div id=\"nf-form-2-cont\" class=\"nf-form-cont\" aria-live=\"polite\" aria-labelledby=\"nf-form-title-2\" aria-describedby=\"nf-form-errors-2\" role=\"form\">\n\n    <div class=\"nf-loading-spinner\"><\/div>\n\n<\/div>\n        <!-- That data is being printed as a workaround to page builders reordering the order of the scripts loaded-->\n        <script>var formDisplay=1;var nfForms=nfForms||[];var form=[];form.id='2';form.settings={\"objectType\":\"Form Setting\",\"editActive\":false,\"title\":\"Tilauslomake\",\"show_title\":1,\"allow_public_link\":0,\"embed_form\":\"\",\"clear_complete\":1,\"hide_complete\":1,\"default_label_pos\":\"above\",\"wrapper_class\":\"\",\"element_class\":\"\",\"form_title_heading_level\":\"3\",\"key\":\"\",\"add_submit\":1,\"currency\":\"\",\"unique_field_error\":\"A form with this value has already been submitted.\",\"logged_in\":false,\"not_logged_in_msg\":\"\",\"sub_limit_msg\":\"The form has reached its submission limit.\",\"calculations\":[],\"formContentData\":[\"nimi_1743596227788\",\"phone_1743596151720\",\"email_1743596153866\",\"haluttu_yhteydenottomalli_1743596652817\",\"nouto_toimituspaikka_1743596295335\",\"tilauksen_sisalto_1743596402473\",\"laheta_1743597484475\"],\"ninjaForms\":\"Ninja-lomakkeet\",\"changeEmailErrorMsg\":\"Anna voimassa oleva s\\u00e4hk\\u00f6postiosoite!\",\"changeDateErrorMsg\":\"Please enter a valid date!\",\"confirmFieldErrorMsg\":\"N\\u00e4iden kenttien on t\\u00e4sm\\u00e4tt\\u00e4v\\u00e4!\",\"fieldNumberNumMinError\":\"Numero minimi virhe\",\"fieldNumberNumMaxError\":\"Numero maksimi virhe\",\"fieldNumberIncrementBy\":\"Lis\\u00e4\\u00e4 m\\u00e4\\u00e4r\\u00e4ll\\u00e4 \",\"fieldTextareaRTEInsertLink\":\"Lis\\u00e4\\u00e4 linkki\",\"fieldTextareaRTEInsertMedia\":\"Lis\\u00e4\\u00e4 media\",\"fieldTextareaRTESelectAFile\":\"Valitse tiedosto\",\"tableInsertRowAbove\":\"Insert Row Above\",\"tableInsertRowBelow\":\"Insert Row Below\",\"tableInsertColumnLeft\":\"Insert Column Left\",\"tableInsertColumnRight\":\"Insert Column Right\",\"tableDeleteRow\":\"Delete Row\",\"tableDeleteColumn\":\"Delete Column\",\"tableDeleteTable\":\"Delete Table\",\"tableLegacyNotice\":\"This content has tables in the old editor format. Custom styles are preserved until converted. Editing will update to the new format.\",\"tableLegacyConvert\":\"Convert Now\",\"tableInsertTable\":\"Insert Table\",\"dismiss\":\"Piilota t\\u00e4m\\u00e4 huomautus.\",\"insertLink\":\"Lis\\u00e4\\u00e4 linkki\",\"formErrorsCorrectErrors\":\"Korjaa virheet, ennen kuin l\\u00e4het\\u00e4t t\\u00e4m\\u00e4n lomakkeen.\",\"formHoneypot\":\"Jos n\\u00e4et t\\u00e4m\\u00e4n kent\\u00e4n, j\\u00e4t\\u00e4 se tyhj\\u00e4ksi.\",\"validateRequiredField\":\"T\\u00e4m\\u00e4 on pakollinen kentt\\u00e4.\",\"honeypotHoneypotError\":\"Honeypot-virhe\",\"fileUploadOldCodeFileUploadInProgress\":\"Tiedoston l\\u00e4hett\\u00e4minen menossa.\",\"fileUploadOldCodeFileUpload\":\"TIEDOSTON L\\u00c4HETT\\u00c4MINEN\",\"currencySymbol\":false,\"fieldsMarkedRequired\":\"T\\u00e4hdell\\u00e4 <span class=\\\"ninja-forms-req-symbol\\\">*<\\\/span> merkityt kent\\u00e4t ovat pakollisia\",\"thousands_sep\":\"&nbsp;\",\"decimal_point\":\",\",\"siteLocale\":\"fi\",\"dateFormat\":\"m\\\/d\\\/Y\",\"startOfWeek\":\"1\",\"of\":\" \\\/ \",\"previousMonth\":\"Previous Month\",\"nextMonth\":\"Next Month\",\"months\":[\"January\",\"February\",\"March\",\"April\",\"May\",\"June\",\"July\",\"August\",\"September\",\"October\",\"November\",\"December\"],\"monthsShort\":[\"Jan\",\"Feb\",\"Mar\",\"Apr\",\"May\",\"Jun\",\"Jul\",\"Aug\",\"Sep\",\"Oct\",\"Nov\",\"Dec\"],\"weekdays\":[\"Sunday\",\"Monday\",\"Tuesday\",\"Wednesday\",\"Thursday\",\"Friday\",\"Saturday\"],\"weekdaysShort\":[\"Sun\",\"Mon\",\"Tue\",\"Wed\",\"Thu\",\"Fri\",\"Sat\"],\"weekdaysMin\":[\"Su\",\"Mo\",\"Tu\",\"We\",\"Th\",\"Fr\",\"Sa\"],\"recaptchaConsentMissing\":\"reCaptcha validation couldn&#039;t load.\",\"recaptchaMissingCookie\":\"reCaptcha v3 validation couldn&#039;t load the cookie needed to submit the form.\",\"recaptchaConsentEvent\":\"Accept reCaptcha cookies before sending the form.\",\"currency_symbol\":\"\",\"beforeForm\":\"\",\"beforeFields\":\"\",\"afterFields\":\"\",\"afterForm\":\"\"};form.fields=[{\"objectType\":\"Field\",\"objectDomain\":\"fields\",\"editActive\":false,\"order\":1,\"idAttribute\":\"id\",\"type\":\"firstname\",\"label\":\"Nimi\",\"key\":\"nimi_1743596227788\",\"label_pos\":\"above\",\"required\":1,\"default\":\"\",\"placeholder\":\"\",\"container_class\":\"\",\"element_class\":\"\",\"admin_label\":\"\",\"help_text\":\"\",\"custom_name_attribute\":\"fname\",\"personally_identifiable\":1,\"value\":\"\",\"drawerDisabled\":false,\"id\":11,\"beforeField\":\"\",\"afterField\":\"\",\"parentType\":\"firstname\",\"element_templates\":[\"firstname\",\"input\"],\"old_classname\":\"\",\"wrap_template\":\"wrap\"},{\"objectType\":\"Field\",\"objectDomain\":\"fields\",\"editActive\":false,\"order\":2,\"idAttribute\":\"id\",\"type\":\"phone\",\"label\":\"Puhelin\",\"key\":\"phone_1743596151720\",\"label_pos\":\"above\",\"required\":1,\"default\":\"\",\"placeholder\":\"\",\"container_class\":\"\",\"element_class\":\"\",\"input_limit\":\"\",\"input_limit_type\":\"characters\",\"input_limit_msg\":\"Merkkej\\u00e4 j\\u00e4ljell\\u00e4\",\"manual_key\":false,\"admin_label\":\"\",\"help_text\":\"\",\"mask\":\"\",\"custom_mask\":\"\",\"custom_name_attribute\":\"phone\",\"personally_identifiable\":1,\"value\":\"\",\"drawerDisabled\":false,\"id\":12,\"beforeField\":\"\",\"afterField\":\"\",\"parentType\":\"textbox\",\"element_templates\":[\"tel\",\"textbox\",\"input\"],\"old_classname\":\"\",\"wrap_template\":\"wrap\"},{\"objectType\":\"Field\",\"objectDomain\":\"fields\",\"editActive\":false,\"order\":3,\"idAttribute\":\"id\",\"type\":\"email\",\"label\":\"S\\u00e4hk\\u00f6posti\",\"key\":\"email_1743596153866\",\"label_pos\":\"above\",\"required\":1,\"default\":\"\",\"placeholder\":\"\",\"container_class\":\"\",\"element_class\":\"\",\"admin_label\":\"\",\"help_text\":\"\",\"custom_name_attribute\":\"email\",\"personally_identifiable\":1,\"value\":\"\",\"drawerDisabled\":false,\"id\":13,\"beforeField\":\"\",\"afterField\":\"\",\"parentType\":\"email\",\"element_templates\":[\"email\",\"input\"],\"old_classname\":\"\",\"wrap_template\":\"wrap\"},{\"objectType\":\"Field\",\"objectDomain\":\"fields\",\"editActive\":false,\"order\":4,\"idAttribute\":\"id\",\"type\":\"listselect\",\"label\":\"Haluttu yhteydenottomalli\",\"key\":\"haluttu_yhteydenottomalli_1743596652817\",\"label_pos\":\"above\",\"required\":1,\"options\":[{\"errors\":[],\"max_options\":0,\"label\":\"S\\u00e4hk\\u00f6postilla\",\"value\":\"sahkopostilla\",\"calc\":\"\",\"selected\":0,\"order\":0,\"settingModel\":{\"settings\":false,\"hide_merge_tags\":false,\"error\":false,\"name\":\"options\",\"type\":\"option-repeater\",\"label\":\"Valinnat <a href=\\\"#\\\" class=\\\"nf-add-new\\\">Lis\\u00e4\\u00e4 uusi<\\\/a> <a href=\\\"#\\\" class=\\\"extra nf-open-import-tooltip\\\"><i class=\\\"fa fa-sign-in\\\" aria-hidden=\\\"true\\\"><\\\/i> Tuo<\\\/a>\",\"width\":\"full\",\"group\":\"\",\"value\":[{\"label\":\"Yksi\",\"value\":\"yksi\",\"calc\":\"\",\"selected\":0,\"order\":0},{\"label\":\"Kaksi\",\"value\":\"kaksi\",\"calc\":\"\",\"selected\":0,\"order\":1},{\"label\":\"Kolme\",\"value\":\"kolme\",\"calc\":\"\",\"selected\":0,\"order\":2}],\"columns\":{\"label\":{\"header\":\"Tunnus\",\"default\":\"\"},\"value\":{\"header\":\"Arvo\",\"default\":\"\"},\"calc\":{\"header\":\"Laskenta-arvo\",\"default\":\"\"},\"selected\":{\"header\":\"<span class=\\\"dashicons dashicons-yes\\\"><\\\/span>\",\"default\":0}}}},{\"errors\":[],\"max_options\":0,\"label\":\"Puhelimitse\",\"value\":\"puhelimitse\",\"calc\":\"\",\"selected\":0,\"order\":1,\"settingModel\":{\"settings\":false,\"hide_merge_tags\":false,\"error\":false,\"name\":\"options\",\"type\":\"option-repeater\",\"label\":\"Valinnat <a href=\\\"#\\\" class=\\\"nf-add-new\\\">Lis\\u00e4\\u00e4 uusi<\\\/a> <a href=\\\"#\\\" class=\\\"extra nf-open-import-tooltip\\\"><i class=\\\"fa fa-sign-in\\\" aria-hidden=\\\"true\\\"><\\\/i> Tuo<\\\/a>\",\"width\":\"full\",\"group\":\"\",\"value\":[{\"label\":\"Yksi\",\"value\":\"yksi\",\"calc\":\"\",\"selected\":0,\"order\":0},{\"label\":\"Kaksi\",\"value\":\"kaksi\",\"calc\":\"\",\"selected\":0,\"order\":1},{\"label\":\"Kolme\",\"value\":\"kolme\",\"calc\":\"\",\"selected\":0,\"order\":2}],\"columns\":{\"label\":{\"header\":\"Tunnus\",\"default\":\"\"},\"value\":{\"header\":\"Arvo\",\"default\":\"\"},\"calc\":{\"header\":\"Laskenta-arvo\",\"default\":\"\"},\"selected\":{\"header\":\"<span class=\\\"dashicons dashicons-yes\\\"><\\\/span>\",\"default\":0}}}},{\"errors\":[],\"max_options\":0,\"label\":\"Whatsappilla\",\"value\":\"whatsappilla\",\"calc\":\"\",\"selected\":0,\"order\":2,\"settingModel\":{\"settings\":false,\"hide_merge_tags\":false,\"error\":false,\"name\":\"options\",\"type\":\"option-repeater\",\"label\":\"Valinnat <a href=\\\"#\\\" class=\\\"nf-add-new\\\">Lis\\u00e4\\u00e4 uusi<\\\/a> <a href=\\\"#\\\" class=\\\"extra nf-open-import-tooltip\\\"><i class=\\\"fa fa-sign-in\\\" aria-hidden=\\\"true\\\"><\\\/i> Tuo<\\\/a>\",\"width\":\"full\",\"group\":\"\",\"value\":[{\"label\":\"Yksi\",\"value\":\"yksi\",\"calc\":\"\",\"selected\":0,\"order\":0},{\"label\":\"Kaksi\",\"value\":\"kaksi\",\"calc\":\"\",\"selected\":0,\"order\":1},{\"label\":\"Kolme\",\"value\":\"kolme\",\"calc\":\"\",\"selected\":0,\"order\":2}],\"columns\":{\"label\":{\"header\":\"Tunnus\",\"default\":\"\"},\"value\":{\"header\":\"Arvo\",\"default\":\"\"},\"calc\":{\"header\":\"Laskenta-arvo\",\"default\":\"\"},\"selected\":{\"header\":\"<span class=\\\"dashicons dashicons-yes\\\"><\\\/span>\",\"default\":0}}}},{\"errors\":[],\"max_options\":0,\"order\":3,\"new\":false,\"options\":[],\"label\":\"Tekstiviestill\\u00e4\",\"value\":\"tekstiviestilla\",\"calc\":\"\",\"selected\":0,\"settingModel\":{\"settings\":false,\"hide_merge_tags\":false,\"error\":false,\"name\":\"options\",\"type\":\"option-repeater\",\"label\":\"Valinnat <a href=\\\"#\\\" class=\\\"nf-add-new\\\">Lis\\u00e4\\u00e4 uusi<\\\/a> <a href=\\\"#\\\" class=\\\"extra nf-open-import-tooltip\\\"><i class=\\\"fa fa-sign-in\\\" aria-hidden=\\\"true\\\"><\\\/i> Tuo<\\\/a>\",\"width\":\"full\",\"group\":\"\",\"value\":[{\"label\":\"Yksi\",\"value\":\"yksi\",\"calc\":\"\",\"selected\":0,\"order\":0},{\"label\":\"Kaksi\",\"value\":\"kaksi\",\"calc\":\"\",\"selected\":0,\"order\":1},{\"label\":\"Kolme\",\"value\":\"kolme\",\"calc\":\"\",\"selected\":0,\"order\":2}],\"columns\":{\"label\":{\"header\":\"Tunnus\",\"default\":\"\"},\"value\":{\"header\":\"Arvo\",\"default\":\"\"},\"calc\":{\"header\":\"Laskenta-arvo\",\"default\":\"\"},\"selected\":{\"header\":\"<span class=\\\"dashicons dashicons-yes\\\"><\\\/span>\",\"default\":0}}}}],\"container_class\":\"\",\"element_class\":\"\",\"admin_label\":\"\",\"help_text\":\"\",\"drawerDisabled\":false,\"id\":14,\"beforeField\":\"\",\"afterField\":\"\",\"value\":\"\",\"parentType\":\"list\",\"element_templates\":[\"listselect\",\"input\"],\"old_classname\":\"list-select\",\"wrap_template\":\"wrap\"},{\"objectType\":\"Field\",\"objectDomain\":\"fields\",\"editActive\":false,\"order\":5,\"idAttribute\":\"id\",\"type\":\"listselect\",\"label\":\"Nouto\\\/Toimituspaikka\",\"key\":\"nouto_toimituspaikka_1743596295335\",\"label_pos\":\"above\",\"required\":1,\"options\":[{\"errors\":[],\"max_options\":0,\"label\":\"Nouto suoraan tilalta\",\"value\":\"nouto-suoraan-tilalta\",\"calc\":\"\",\"selected\":0,\"order\":0,\"settingModel\":{\"settings\":false,\"hide_merge_tags\":false,\"error\":false,\"name\":\"options\",\"type\":\"option-repeater\",\"label\":\"Valinnat <a href=\\\"#\\\" class=\\\"nf-add-new\\\">Lis\\u00e4\\u00e4 uusi<\\\/a> <a href=\\\"#\\\" class=\\\"extra nf-open-import-tooltip\\\"><i class=\\\"fa fa-sign-in\\\" aria-hidden=\\\"true\\\"><\\\/i> Tuo<\\\/a>\",\"width\":\"full\",\"group\":\"\",\"value\":[{\"label\":\"Yksi\",\"value\":\"yksi\",\"calc\":\"\",\"selected\":0,\"order\":0},{\"label\":\"Kaksi\",\"value\":\"kaksi\",\"calc\":\"\",\"selected\":0,\"order\":1},{\"label\":\"Kolme\",\"value\":\"kolme\",\"calc\":\"\",\"selected\":0,\"order\":2}],\"columns\":{\"label\":{\"header\":\"Tunnus\",\"default\":\"\"},\"value\":{\"header\":\"Arvo\",\"default\":\"\"},\"calc\":{\"header\":\"Laskenta-arvo\",\"default\":\"\"},\"selected\":{\"header\":\"<span class=\\\"dashicons dashicons-yes\\\"><\\\/span>\",\"default\":0}}}},{\"errors\":[],\"max_options\":0,\"label\":\"Toimitus Juankosken tori\",\"value\":\"toimitus-juankosken-tori\",\"calc\":\"\",\"selected\":0,\"order\":1,\"settingModel\":{\"settings\":false,\"hide_merge_tags\":false,\"error\":false,\"name\":\"options\",\"type\":\"option-repeater\",\"label\":\"Valinnat <a href=\\\"#\\\" class=\\\"nf-add-new\\\">Lis\\u00e4\\u00e4 uusi<\\\/a> <a href=\\\"#\\\" class=\\\"extra nf-open-import-tooltip\\\"><i class=\\\"fa fa-sign-in\\\" aria-hidden=\\\"true\\\"><\\\/i> Tuo<\\\/a>\",\"width\":\"full\",\"group\":\"\",\"value\":[{\"label\":\"Yksi\",\"value\":\"yksi\",\"calc\":\"\",\"selected\":0,\"order\":0},{\"label\":\"Kaksi\",\"value\":\"kaksi\",\"calc\":\"\",\"selected\":0,\"order\":1},{\"label\":\"Kolme\",\"value\":\"kolme\",\"calc\":\"\",\"selected\":0,\"order\":2}],\"columns\":{\"label\":{\"header\":\"Tunnus\",\"default\":\"\"},\"value\":{\"header\":\"Arvo\",\"default\":\"\"},\"calc\":{\"header\":\"Laskenta-arvo\",\"default\":\"\"},\"selected\":{\"header\":\"<span class=\\\"dashicons dashicons-yes\\\"><\\\/span>\",\"default\":0}}}},{\"errors\":[],\"max_options\":0,\"label\":\"Toimitus Kaavin tori\",\"value\":\"toimitus-kaavin-tori\",\"calc\":\"\",\"selected\":0,\"order\":2,\"settingModel\":{\"settings\":false,\"hide_merge_tags\":false,\"error\":false,\"name\":\"options\",\"type\":\"option-repeater\",\"label\":\"Valinnat <a href=\\\"#\\\" class=\\\"nf-add-new\\\">Lis\\u00e4\\u00e4 uusi<\\\/a> <a href=\\\"#\\\" class=\\\"extra nf-open-import-tooltip\\\"><i class=\\\"fa fa-sign-in\\\" aria-hidden=\\\"true\\\"><\\\/i> Tuo<\\\/a>\",\"width\":\"full\",\"group\":\"\",\"value\":[{\"label\":\"Yksi\",\"value\":\"yksi\",\"calc\":\"\",\"selected\":0,\"order\":0},{\"label\":\"Kaksi\",\"value\":\"kaksi\",\"calc\":\"\",\"selected\":0,\"order\":1},{\"label\":\"Kolme\",\"value\":\"kolme\",\"calc\":\"\",\"selected\":0,\"order\":2}],\"columns\":{\"label\":{\"header\":\"Tunnus\",\"default\":\"\"},\"value\":{\"header\":\"Arvo\",\"default\":\"\"},\"calc\":{\"header\":\"Laskenta-arvo\",\"default\":\"\"},\"selected\":{\"header\":\"<span class=\\\"dashicons dashicons-yes\\\"><\\\/span>\",\"default\":0}}}}],\"container_class\":\"\",\"element_class\":\"\",\"admin_label\":\"\",\"help_text\":\"\",\"drawerDisabled\":false,\"id\":15,\"beforeField\":\"\",\"afterField\":\"\",\"value\":\"\",\"parentType\":\"list\",\"element_templates\":[\"listselect\",\"input\"],\"old_classname\":\"list-select\",\"wrap_template\":\"wrap\"},{\"objectType\":\"Field\",\"objectDomain\":\"fields\",\"editActive\":false,\"order\":6,\"idAttribute\":\"id\",\"type\":\"textarea\",\"label\":\"Tilauksen sis\\u00e4lt\\u00f6\",\"key\":\"tilauksen_sisalto_1743596402473\",\"label_pos\":\"above\",\"required\":1,\"default\":\"\",\"placeholder\":\"\",\"container_class\":\"\",\"element_class\":\"\",\"input_limit\":\"\",\"input_limit_type\":\"characters\",\"input_limit_msg\":\"Merkkej\\u00e4 j\\u00e4ljell\\u00e4\",\"manual_key\":false,\"admin_label\":\"\",\"help_text\":\"\",\"textarea_rte\":\"\",\"disable_rte_mobile\":\"\",\"textarea_media\":\"\",\"value\":\"\",\"drawerDisabled\":false,\"id\":16,\"beforeField\":\"\",\"afterField\":\"\",\"parentType\":\"textarea\",\"element_templates\":[\"textarea\",\"input\"],\"old_classname\":\"\",\"wrap_template\":\"wrap\"},{\"objectType\":\"Field\",\"objectDomain\":\"fields\",\"editActive\":false,\"order\":9999,\"idAttribute\":\"id\",\"type\":\"submit\",\"label\":\"L\\u00e4het\\u00e4\",\"processing_label\":\"L\\u00e4hetet\\u00e4\\u00e4n\",\"container_class\":\"\",\"element_class\":\"\",\"key\":\"laheta_1743597484475\",\"admin_label\":\"\",\"drawerDisabled\":false,\"id\":17,\"beforeField\":\"\",\"afterField\":\"\",\"value\":\"\",\"label_pos\":\"above\",\"parentType\":\"textbox\",\"element_templates\":[\"submit\",\"button\",\"input\"],\"old_classname\":\"\",\"wrap_template\":\"wrap-no-label\"}];nfForms.push(form);<\/script>\n        \n\n\n<div class=\"wp-block-buttons is-layout-flex wp-block-buttons-is-layout-flex\" style=\"padding-top:var(--wp--preset--spacing--40);padding-bottom:var(--wp--preset--spacing--40)\">\n<div class=\"wp-block-button\"><a class=\"wp-block-button__link wp-element-button\" href=\"https:\/\/www.koivuniemenmarjatila.fi\/index.php\/hinnasto\/\">hinnasto<\/a><\/div>\n<\/div>\n","protected":false},"excerpt":{"rendered":"<p>Hyv\u00e4 asiakas Toivomme ensisijaisesti tuoremarja tilauksen tekemist\u00e4 t\u00e4ll\u00e4 lomakkeella kiitos. Tilauksen voi tehd\u00e4 lis\u00e4ksi s\u00e4hk\u00f6postilla, whatsapilla ja soittamalla. K\u00e4sittelemme tilaukset saapumisj\u00e4rjestyksess\u00e4. Jos haluat varmistaa marjojen saatavuuden, voit tehd\u00e4 tilauksen jo ennen satokautta. Erityisesti hunajamarjan osalta kannattaa olla hyviss\u00e4 ajoin liikkeell\u00e4. Olemme yhteydess\u00e4 kun on aika ker\u00e4t\u00e4 sinun tilauksesi. Samassa yhteydess\u00e4 sovimme nouto\/toimitusp\u00e4iv\u00e4n. Hinnastosta l\u00f6yd\u00e4t kaikki [&hellip;]<\/p>\n","protected":false},"author":1,"featured_media":0,"parent":0,"menu_order":0,"comment_status":"closed","ping_status":"closed","template":"","meta":{"footnotes":""},"class_list":["post-260","page","type-page","status-publish","hentry"],"_links":{"self":[{"href":"https:\/\/www.koivuniemenmarjatila.fi\/index.php\/wp-json\/wp\/v2\/pages\/260","targetHints":{"allow":["GET"]}}],"collection":[{"href":"https:\/\/www.koivuniemenmarjatila.fi\/index.php\/wp-json\/wp\/v2\/pages"}],"about":[{"href":"https:\/\/www.koivuniemenmarjatila.fi\/index.php\/wp-json\/wp\/v2\/types\/page"}],"author":[{"embeddable":true,"href":"https:\/\/www.koivuniemenmarjatila.fi\/index.php\/wp-json\/wp\/v2\/users\/1"}],"replies":[{"embeddable":true,"href":"https:\/\/www.koivuniemenmarjatila.fi\/index.php\/wp-json\/wp\/v2\/comments?post=260"}],"version-history":[{"count":22,"href":"https:\/\/www.koivuniemenmarjatila.fi\/index.php\/wp-json\/wp\/v2\/pages\/260\/revisions"}],"predecessor-version":[{"id":901,"href":"https:\/\/www.koivuniemenmarjatila.fi\/index.php\/wp-json\/wp\/v2\/pages\/260\/revisions\/901"}],"wp:attachment":[{"href":"https:\/\/www.koivuniemenmarjatila.fi\/index.php\/wp-json\/wp\/v2\/media?parent=260"}],"curies":[{"name":"wp","href":"https:\/\/api.w.org\/{rel}","templated":true}]}}