{"id":117,"date":"2025-01-23T17:24:32","date_gmt":"2025-01-23T17:24:32","guid":{"rendered":"https:\/\/www.koivuniemenmarjatila.fi\/?page_id=117"},"modified":"2025-06-01T17:32:34","modified_gmt":"2025-06-01T17:32:34","slug":"marja-jalosteet","status":"publish","type":"page","link":"https:\/\/www.koivuniemenmarjatila.fi\/index.php\/marja-jalosteet\/","title":{"rendered":"Marjajalosteet"},"content":{"rendered":"\n<p><\/p>\n\n\n\n<div class=\"wp-block-group has-custom-color-1-color has-custom-color-1-background-color has-text-color has-background has-link-color wp-elements-72c74b668f9c0d3de67d7f8f216eea12 is-layout-constrained wp-container-core-group-is-layout-84f5de28 wp-block-group-is-layout-constrained\" style=\"margin-top:var(--wp--preset--spacing--40);margin-bottom:var(--wp--preset--spacing--40);padding-top:80px;padding-right:var(--wp--preset--spacing--40);padding-bottom:80px;padding-left:var(--wp--preset--spacing--40)\">\n<div class=\"wp-block-columns alignwide is-layout-flex wp-container-core-columns-is-layout-e524df8a wp-block-columns-is-layout-flex\">\n<div class=\"wp-block-column is-vertically-aligned-center is-layout-flow wp-block-column-is-layout-flow\" style=\"padding-top:0;padding-right:0;padding-bottom:0;padding-left:0\">\n<h2 class=\"wp-block-heading has-text-align-left has-custom-color-3-color has-text-color has-x-large-font-size\" style=\"margin-top:0;margin-right:0;margin-bottom:20px;margin-left:var(--wp--preset--spacing--40);font-style:normal;font-weight:700;line-height:1.1;text-transform:capitalize\">Uudenlaisia     marjaisia makuja<\/h2>\n\n\n\n<p class=\"has-custom-color-2-color has-text-color has-medium-font-size\" style=\"margin-top:0;margin-right:0;margin-bottom:0px;margin-left:var(--wp--preset--spacing--40);line-height:1.7\">Olemme aloittaneet tilatuotteiden suunnittelun ja toteutuksen omista raaka-aineista. Tuotteissa esiintyv\u00e4t hunajamarja, viherherukka ja karviainen. Jalostamme osan sadostamme <strong>mehuiksi, hilloiksi, gl\u00f6geiksi ja marmeladimakeisiksi<\/strong>.<\/p>\n<\/div>\n\n\n\n<div class=\"wp-block-column is-layout-flow wp-block-column-is-layout-flow\" style=\"padding-top:var(--wp--preset--spacing--30);padding-right:var(--wp--preset--spacing--30);padding-bottom:var(--wp--preset--spacing--30);padding-left:var(--wp--preset--spacing--30)\">\n<figure class=\"wp-block-image size-full has-custom-border is-style-default\"><img loading=\"lazy\" decoding=\"async\" width=\"1473\" height=\"1677\" src=\"https:\/\/www.koivuniemenmarjatila.fi\/wp-content\/uploads\/2025\/03\/IMG_4714-2.jpeg\" alt=\"\" class=\"wp-image-699\" style=\"border-radius:100px\" srcset=\"https:\/\/www.koivuniemenmarjatila.fi\/wp-content\/uploads\/2025\/03\/IMG_4714-2.jpeg 1473w, https:\/\/www.koivuniemenmarjatila.fi\/wp-content\/uploads\/2025\/03\/IMG_4714-2-264x300.jpeg 264w, https:\/\/www.koivuniemenmarjatila.fi\/wp-content\/uploads\/2025\/03\/IMG_4714-2-899x1024.jpeg 899w, https:\/\/www.koivuniemenmarjatila.fi\/wp-content\/uploads\/2025\/03\/IMG_4714-2-768x874.jpeg 768w, https:\/\/www.koivuniemenmarjatila.fi\/wp-content\/uploads\/2025\/03\/IMG_4714-2-1349x1536.jpeg 1349w\" sizes=\"auto, (max-width: 1473px) 100vw, 1473px\" \/><\/figure>\n<\/div>\n<\/div>\n\n\n\n<div style=\"height:40px\" aria-hidden=\"true\" class=\"wp-block-spacer\"><\/div>\n\n\n\n<div class=\"wp-block-columns alignwide are-vertically-aligned-center is-layout-flex wp-container-core-columns-is-layout-3fedb30a wp-block-columns-is-layout-flex\">\n<div class=\"wp-block-column is-vertically-aligned-center is-layout-flow wp-block-column-is-layout-flow\">\n<figure class=\"wp-block-image size-large is-style-rounded\"><img loading=\"lazy\" decoding=\"async\" width=\"1024\" height=\"768\" src=\"https:\/\/www.koivuniemenmarjatila.fi\/wp-content\/uploads\/2025\/03\/ruoka2-1024x768.jpg\" alt=\"\" class=\"wp-image-692\" srcset=\"https:\/\/www.koivuniemenmarjatila.fi\/wp-content\/uploads\/2025\/03\/ruoka2-1024x768.jpg 1024w, https:\/\/www.koivuniemenmarjatila.fi\/wp-content\/uploads\/2025\/03\/ruoka2-300x225.jpg 300w, https:\/\/www.koivuniemenmarjatila.fi\/wp-content\/uploads\/2025\/03\/ruoka2-768x576.jpg 768w, https:\/\/www.koivuniemenmarjatila.fi\/wp-content\/uploads\/2025\/03\/ruoka2-1536x1152.jpg 1536w, https:\/\/www.koivuniemenmarjatila.fi\/wp-content\/uploads\/2025\/03\/ruoka2.jpg 2016w\" sizes=\"auto, (max-width: 1024px) 100vw, 1024px\" \/><\/figure>\n<\/div>\n\n\n\n<div class=\"wp-block-column is-vertically-aligned-center is-layout-flow wp-container-core-column-is-layout-47e5a185 wp-block-column-is-layout-flow\">\n<h1 class=\"wp-block-heading has-text-align-left has-custom-color-3-color has-text-color has-x-large-font-size\" style=\"margin-right:0;margin-bottom:20px;margin-left:var(--wp--preset--spacing--40);font-style:normal;font-weight:700;line-height:1.1\">Joulunajan herkut<\/h1>\n\n\n\n<p class=\"has-text-align-left has-custom-color-2-color has-text-color has-medium-font-size\" style=\"margin-right:0;margin-bottom:0px;margin-left:var(--wp--preset--spacing--40);line-height:1.7\">Kokoamme tuotteista erilaisia joululahjapakkauksia. N\u00e4it\u00e4 marjaherkkuja on saatavilla Koillis-Savon alueen joulumarkkinoilla.<\/p>\n\n\n\n<p><\/p>\n\n\n\n<p><\/p>\n\n\n\n<p><\/p>\n\n\n\n<figure class=\"wp-block-image size-full has-custom-border is-style-rounded\" style=\"margin-top:var(--wp--preset--spacing--30);margin-bottom:var(--wp--preset--spacing--30)\"><img loading=\"lazy\" decoding=\"async\" width=\"2092\" height=\"2560\" src=\"https:\/\/www.koivuniemenmarjatila.fi\/wp-content\/uploads\/2025\/01\/IMG_4490-scaled.jpg\" alt=\"\" class=\"wp-image-342\" style=\"border-radius:100px;aspect-ratio:1;object-fit:cover\" srcset=\"https:\/\/www.koivuniemenmarjatila.fi\/wp-content\/uploads\/2025\/01\/IMG_4490-scaled.jpg 2092w, https:\/\/www.koivuniemenmarjatila.fi\/wp-content\/uploads\/2025\/01\/IMG_4490-245x300.jpg 245w\" sizes=\"auto, (max-width: 2092px) 100vw, 2092px\" \/><\/figure>\n\n\n\n<div class=\"wp-block-buttons is-content-justification-left is-layout-flex wp-container-core-buttons-is-layout-de9051a5 wp-block-buttons-is-layout-flex\" style=\"margin-top:40px;letter-spacing:1px;text-transform:uppercase\"><\/div>\n<\/div>\n<\/div>\n<\/div>\n\n\n\n<p><\/p>\n","protected":false},"excerpt":{"rendered":"<p>Uudenlaisia marjaisia makuja Olemme aloittaneet tilatuotteiden suunnittelun ja toteutuksen omista raaka-aineista. Tuotteissa esiintyv\u00e4t hunajamarja, viherherukka ja karviainen. Jalostamme osan sadostamme mehuiksi, hilloiksi, gl\u00f6geiksi ja marmeladimakeisiksi. Joulunajan herkut Kokoamme tuotteista erilaisia joululahjapakkauksia. N\u00e4it\u00e4 marjaherkkuja on saatavilla Koillis-Savon alueen joulumarkkinoilla.<\/p>\n","protected":false},"author":1,"featured_media":0,"parent":0,"menu_order":0,"comment_status":"closed","ping_status":"closed","template":"","meta":{"footnotes":""},"class_list":["post-117","page","type-page","status-publish","hentry"],"_links":{"self":[{"href":"https:\/\/www.koivuniemenmarjatila.fi\/index.php\/wp-json\/wp\/v2\/pages\/117","targetHints":{"allow":["GET"]}}],"collection":[{"href":"https:\/\/www.koivuniemenmarjatila.fi\/index.php\/wp-json\/wp\/v2\/pages"}],"about":[{"href":"https:\/\/www.koivuniemenmarjatila.fi\/index.php\/wp-json\/wp\/v2\/types\/page"}],"author":[{"embeddable":true,"href":"https:\/\/www.koivuniemenmarjatila.fi\/index.php\/wp-json\/wp\/v2\/users\/1"}],"replies":[{"embeddable":true,"href":"https:\/\/www.koivuniemenmarjatila.fi\/index.php\/wp-json\/wp\/v2\/comments?post=117"}],"version-history":[{"count":33,"href":"https:\/\/www.koivuniemenmarjatila.fi\/index.php\/wp-json\/wp\/v2\/pages\/117\/revisions"}],"predecessor-version":[{"id":706,"href":"https:\/\/www.koivuniemenmarjatila.fi\/index.php\/wp-json\/wp\/v2\/pages\/117\/revisions\/706"}],"wp:attachment":[{"href":"https:\/\/www.koivuniemenmarjatila.fi\/index.php\/wp-json\/wp\/v2\/media?parent=117"}],"curies":[{"name":"wp","href":"https:\/\/api.w.org\/{rel}","templated":true}]}}