{"id":115,"date":"2025-01-17T11:03:44","date_gmt":"2025-01-17T11:03:44","guid":{"rendered":"https:\/\/www.koivuniemenmarjatila.fi\/?page_id=115"},"modified":"2025-06-03T09:41:23","modified_gmt":"2025-06-03T09:41:23","slug":"tilan-tarina","status":"publish","type":"page","link":"https:\/\/www.koivuniemenmarjatila.fi\/index.php\/tilan-tarina\/","title":{"rendered":"Tarina"},"content":{"rendered":"\n<div class=\"wp-block-group alignwide has-custom-color-1-background-color has-background is-vertical is-content-justification-center is-layout-flex wp-container-core-group-is-layout-cce41826 wp-block-group-is-layout-flex\" style=\"margin-top:var(--wp--preset--spacing--40);margin-bottom:var(--wp--preset--spacing--40);padding-top:30px;padding-right:30px;padding-bottom:30px;padding-left:30px\">\n<figure class=\"wp-block-image size-full\"><img loading=\"lazy\" decoding=\"async\" width=\"2560\" height=\"1920\" src=\"https:\/\/www.koivuniemenmarjatila.fi\/wp-content\/uploads\/2025\/06\/IMG_5024-scaled.jpeg\" alt=\"\" class=\"wp-image-890\" srcset=\"https:\/\/www.koivuniemenmarjatila.fi\/wp-content\/uploads\/2025\/06\/IMG_5024-scaled.jpeg 2560w, https:\/\/www.koivuniemenmarjatila.fi\/wp-content\/uploads\/2025\/06\/IMG_5024-300x225.jpeg 300w\" sizes=\"auto, (max-width: 2560px) 100vw, 2560px\" \/><\/figure>\n\n\n\n<p><\/p>\n\n\n\n<p class=\"has-custom-color-2-color has-text-color has-link-color wp-elements-8285dfb3ad0b2b7680b5a0b90bb1f91c\" style=\"padding-top:var(--wp--preset--spacing--20);padding-right:0;padding-bottom:var(--wp--preset--spacing--20);padding-left:0;line-height:1.5\">Vehre\u00e4n luonnon keskell\u00e4, kauniin Vuotj\u00e4rven rannalla sijaitsee Koivuniemen tila. Vuosikymmenten ajan tilan keltainen tupa, punainen navetta, pellot sek\u00e4 mets\u00e4t ovat tarjonneet suojaa ja ruokaa asukkailleen. Lypsykarjan pito tilalla loppui vuonna 2002. Viimeisten vuosien ajan tilalla on harjoitettu hevosen kuivahein\u00e4n viljely\u00e4.<\/p>\n\n\n\n<p><\/p>\n\n\n\n<p class=\"has-custom-color-2-color has-text-color has-link-color wp-elements-d364928b314b43eee5797c4e0a86c198\" style=\"line-height:1.5\">Tilan tupa on ollut vuosia ilman k\u00e4ytt\u00f6tarkoitusta, mutta nyt on muutoksen aika. Maaseutu ja kotiseutuni uhkaavat tyhjenty\u00e4 maailman murroksessa. Minulla on aina ollut unelma, jossa kotitilani nousisi takaisin kotimaisen puhtaan ruuan tuottajaksi.<\/p>\n\n\n\n<p><\/p>\n\n\n\n<p class=\"has-custom-color-2-color has-text-color has-link-color wp-elements-94e9308b4dd666ed4fef1d4eb8ae6b19\" style=\"line-height:1.5\">Unelman toteutus alkoi erikoismarjojen koeviljelyll\u00e4. Idea marjatilasta syntyi oman innostuksen ja tuotantopuutarhuri koulutukseni pohjalta. Tilalle soveltuvat marjakasvit ja lajikkeet l\u00f6ytyiv\u00e4t monien kokeilujen my\u00f6t\u00e4. Vuonna 2023 sukupolvenvaihdoksen my\u00f6t\u00e4 minusta tuli tilan uusi &#8221;is\u00e4nt\u00e4&#8221; ja oli aika aloittaa viljely. N\u00e4in sai alkunsa Koivuniemen Marjatila.<\/p>\n\n\n\n<p><\/p>\n\n\n\n<p class=\"has-custom-color-2-color has-text-color has-link-color wp-elements-27dbf4c81a5d36328f05518a3003d39a\" style=\"line-height:1.5\">Yhdess\u00e4 puolisoni, perheeni ja yst\u00e4vieni kanssa muokkasimme sek\u00e4 istutimme tilakeskuksen l\u00e4hipellot tuottamaan erilaisia marjakasveja. Viljelemme marjoja avomaalla mahdollisimman luonnonmukaisin, mutta perinteisin menetelmin. Osan kes\u00e4n sadosta pakastamme ja jatkojalostamme tilatuotteiksi.<\/p>\n\n\n\n<p><\/p>\n\n\n\n<p class=\"has-custom-color-3-color has-text-color has-link-color wp-elements-3c5430c25fd2d699b623a1817edea53f\" style=\"line-height:1.5\"><strong>Toivon tilan tuottavan iloa, ihania makunautintoja ja mukavia el\u00e4myksi\u00e4 asiakkailleen.<\/strong><\/p>\n\n\n\n<p><\/p>\n\n\n\n<p class=\"has-custom-color-2-color has-text-color has-link-color wp-elements-ef69ce0fab438955ff483a2faa052243\">Laura<\/p>\n\n\n\n<p><\/p>\n\n\n\n<p><\/p>\n\n\n\n<div style=\"height:0px\" aria-hidden=\"true\" class=\"wp-block-spacer wp-container-content-42c95ffb\"><\/div>\n<\/div>\n","protected":false},"excerpt":{"rendered":"<p>Vehre\u00e4n luonnon keskell\u00e4, kauniin Vuotj\u00e4rven rannalla sijaitsee Koivuniemen tila. Vuosikymmenten ajan tilan keltainen tupa, punainen navetta, pellot sek\u00e4 mets\u00e4t ovat tarjonneet suojaa ja ruokaa asukkailleen. Lypsykarjan pito tilalla loppui vuonna 2002. Viimeisten vuosien ajan tilalla on harjoitettu hevosen kuivahein\u00e4n viljely\u00e4. Tilan tupa on ollut vuosia ilman k\u00e4ytt\u00f6tarkoitusta, mutta nyt on muutoksen aika. Maaseutu ja kotiseutuni [&hellip;]<\/p>\n","protected":false},"author":1,"featured_media":0,"parent":0,"menu_order":1,"comment_status":"closed","ping_status":"closed","template":"","meta":{"footnotes":""},"class_list":["post-115","page","type-page","status-publish","hentry"],"_links":{"self":[{"href":"https:\/\/www.koivuniemenmarjatila.fi\/index.php\/wp-json\/wp\/v2\/pages\/115","targetHints":{"allow":["GET"]}}],"collection":[{"href":"https:\/\/www.koivuniemenmarjatila.fi\/index.php\/wp-json\/wp\/v2\/pages"}],"about":[{"href":"https:\/\/www.koivuniemenmarjatila.fi\/index.php\/wp-json\/wp\/v2\/types\/page"}],"author":[{"embeddable":true,"href":"https:\/\/www.koivuniemenmarjatila.fi\/index.php\/wp-json\/wp\/v2\/users\/1"}],"replies":[{"embeddable":true,"href":"https:\/\/www.koivuniemenmarjatila.fi\/index.php\/wp-json\/wp\/v2\/comments?post=115"}],"version-history":[{"count":22,"href":"https:\/\/www.koivuniemenmarjatila.fi\/index.php\/wp-json\/wp\/v2\/pages\/115\/revisions"}],"predecessor-version":[{"id":891,"href":"https:\/\/www.koivuniemenmarjatila.fi\/index.php\/wp-json\/wp\/v2\/pages\/115\/revisions\/891"}],"wp:attachment":[{"href":"https:\/\/www.koivuniemenmarjatila.fi\/index.php\/wp-json\/wp\/v2\/media?parent=115"}],"curies":[{"name":"wp","href":"https:\/\/api.w.org\/{rel}","templated":true}]}}